{"id":3,"date":"2024-08-08T18:28:17","date_gmt":"2024-08-08T18:28:17","guid":{"rendered":"https:\/\/demoweb.interesse.com.mx\/?page_id=3"},"modified":"2025-11-07T15:51:24","modified_gmt":"2025-11-07T15:51:24","slug":"aviso-de-privacidad","status":"publish","type":"page","link":"https:\/\/www.interesse.com.mx\/index.php\/aviso-de-privacidad\/","title":{"rendered":"Aviso de Privacidad"},"content":{"rendered":"<div class=\"fusion-fullwidth fullwidth-box fusion-builder-row-1 fusion-flex-container nonhundred-percent-fullwidth non-hundred-percent-height-scrolling\" style=\"--awb-border-radius-top-left:0px;--awb-border-radius-top-right:0px;--awb-border-radius-bottom-right:0px;--awb-border-radius-bottom-left:0px;--awb-flex-wrap:wrap;\" ><div class=\"fusion-builder-row fusion-row fusion-flex-align-items-flex-start fusion-flex-content-wrap\" style=\"max-width:1372.8px;margin-left: calc(-4% \/ 2 );margin-right: calc(-4% \/ 2 );\"><div class=\"fusion-layout-column fusion_builder_column fusion-builder-column-0 fusion_builder_column_1_1 1_1 fusion-flex-column\" style=\"--awb-bg-size:cover;--awb-width-large:100%;--awb-margin-top-large:0px;--awb-spacing-right-large:1.92%;--awb-margin-bottom-large:0px;--awb-spacing-left-large:1.92%;--awb-width-medium:100%;--awb-spacing-right-medium:1.92%;--awb-spacing-left-medium:1.92%;--awb-width-small:100%;--awb-spacing-right-small:1.92%;--awb-spacing-left-small:1.92%;\"><div class=\"fusion-column-wrapper fusion-flex-justify-content-flex-start fusion-content-layout-column\"><div class=\"fusion-text fusion-text-1\"><p class=\"p1\">Aviso de Privacidad Integral<\/p>\n<p class=\"p1\"><strong>GRUPO INTERESSE, AGENTE DE SEGUROS Y DE FIANZAS, S.A. DE C.V., INTERESSE VITA, AGENTE DE SEGUROS Y DE FIANZAS, S.A. DE C.V., e INTERESSE SOLUCIONES EN BENEFICIOS, S.A. DE C.V.<\/strong>, dichas sociedades en lo sucesivo \"INTERESSE\", estamos comprometidos a protegerte a ti y tus seres queridos. Como parte de esta protecci\u00f3n, te informamos que los datos personales que nos proporciones son tratados con absoluta confidencialidad y que contamos con las medidas de seguridad suficientes para garantizar su protecci\u00f3n, en apego a la Ley Federal de Protecci\u00f3n de Datos Personales en Posesi\u00f3n de los Particulares. Por ello, ponemos a tu disposici\u00f3n nuestro aviso de privacidad.<\/p>\n<p class=\"p1\"><strong>1. IDENTIDAD Y DOMICILIO DEL RESPONSABLE QUE RECABA Y TRATA LOS DATOS. \"INTERESSE\",<\/strong> con domicilio en Boulevard Adolfo Ru\u00edz Cortines, n\u00famero 3307, oficina 501, Colonia San Jer\u00f3nimo L\u00eddice, Alcald\u00eda Magdalena Contreras, C.P. 10200, Ciudad de M\u00e9xico, Tel\u00e9fono (55) 53370730 es responsable de recabar tus datos personales, del uso que se le d\u00e9 a los mismos y de su protecci\u00f3n; al respecto te informamos lo siguiente:<\/p>\n<p class=\"p1\"><strong>2. FINALIDADES DEL TRATAMIENTO DE DATOS.<\/strong> Los datos personales que recabamos directa o indirectamente de ti, de otras fuentes permitidas por la Ley, o los que se generen de la relaci\u00f3n que lleguemos a establecer y que son necesarios para otorgarte los servicios que se deriven o sean accesorios de la misma, ser\u00e1n utilizados seg\u00fan sea el caso y \u00fanicamente en la respectiva esfera de actividad y objeto social autorizado a las Sociedades y conforme a la Ley, para las siguientes:<\/p>\n<p class=\"p1\"><strong>Finalidades Primarias:<\/strong><\/p>\n<p class=\"p1\">Para las sociedades <strong>GRUPO INTERESSE, AGENTE DE SEGUROS Y DE FIANZAS, S.A. DE C.V., e INTERESSE VITA, AGENTE DE SEGUROS Y DE FIANZAS, S.A. DE C.V.:<\/strong><\/p>\n<p class=\"p1\"><span class=\"s1\">\u2022 <\/span>Identificaci\u00f3n del titular.<\/p>\n<p class=\"p1\"><span class=\"s1\">\u2022 <\/span>Realizar actividades de intermediaci\u00f3n de seguros o de fianzas.<\/p>\n<p class=\"p1\"><span class=\"s1\">\u2022 <\/span>Evaluar tu solicitud de seguro, analizar riesgos, identificar riesgos ocultos o no previstos; cotizar servicios, identificar, operar, administrar, dictaminar, tramitar tus siniestros.<\/p>\n<p class=\"p1\"><span class=\"s1\">\u2022 <\/span>Brindarle la informaci\u00f3n respectiva en seguimiento a reclamaciones de pago del seguro.<\/p>\n<p class=\"p1\"><span class=\"s1\">\u2022 <\/span>Para el cumplimiento de las obligaciones derivadas de la relaci\u00f3n jur\u00eddica que establezcamos conforme a la legislaci\u00f3n aplicable.<\/p>\n<p class=\"p1\"><span class=\"s1\">\u2022 <\/span>Evaluaci\u00f3n de p\u00e9rdidas potenciales.<\/p>\n<p class=\"p1\"><span class=\"s1\">\u2022 <\/span>Prevenci\u00f3n de fraudes y de operaciones il\u00edcitas.<\/p>\n<p class=\"p1\"><span class=\"s1\">\u2022 <\/span>Negociaci\u00f3n y colocaci\u00f3n ante aseguradoras y afianzadoras.<\/p>\n<p class=\"p1\"><span class=\"s1\">\u2022 <\/span>Investigaci\u00f3n y desarrollo de nuevos productos o servicios.<\/p>\n<p class=\"p1\"><span class=\"s1\">\u2022 <\/span>Generar datos estad\u00edsticos y evaluar la calidad del servicio.<\/p>\n<p class=\"p1\"><span class=\"s1\">\u2022 <\/span>Atender cualquier queja, pregunta o comentario.<\/p>\n<p>\u00a0<\/p>\n<p class=\"p1\">Para la sociedad <strong>INTERESSE SOLUCIONES EN BENEFICIOS, S.A. DE C.V.:<\/strong><\/p>\n<p class=\"p1\"><span class=\"s1\">\u2022 <\/span>Identificaci\u00f3n del titular.<\/p>\n<p class=\"p1\"><span class=\"s1\">\u2022 <\/span>Para el cumplimiento de las obligaciones contenidas en nuestro contrato o convenio o de cualquier relaci\u00f3n jur\u00eddica que establezcamos conforme a la Legislaci\u00f3n aplicable.<\/p>\n<p class=\"p1\"><span class=\"s1\">\u2022 <\/span>Para brindarle los servicios de administraci\u00f3n, gesti\u00f3n de pagos, planificaci\u00f3n de empresas, desarrollo de estrategias, desarrollo y ejecuci\u00f3n de mercadotecnia, consultor\u00eda, servicios t\u00e9cnicos y profesionales.<\/p>\n<p class=\"p1\"><span class=\"s1\">\u2022 <\/span>Prestaci\u00f3n de servicios en cualquier tipo de plataformas o medios electr\u00f3nicos.<\/p>\n<p class=\"p1\"><span class=\"s1\">\u2022 <\/span>Prevenci\u00f3n de fraudes.<\/p>\n<p class=\"p1\"><span class=\"s1\">\u2022 <\/span>Generar datos estad\u00edsticos y evaluar la calidad del servicio.<\/p>\n<p class=\"p1\"><span class=\"s1\">\u2022 <\/span>Atender cualquier queja, pregunta o comentario.<\/p>\n<p class=\"p1\"><span class=\"s1\">\u2022 <\/span>Enviarte notificaciones de cambios a este aviso de privacidad.<\/p>\n<p class=\"p1\">Para todas las Sociedades (\"INTERESSE\"):<\/p>\n<p class=\"p1\">Finalidades Secundarias: De acuerdo con la esfera de actividad y objeto social propios de cada sociedad referida, de manera adicional, utilizaremos tu informaci\u00f3n personal para las siguientes finalidades que no son necesarias para el servicio solicitado o producto originariamente contratado pero que nos permiten y facilitan brindarte una mejor atenci\u00f3n:<\/p>\n<p class=\"p1\"><span class=\"s1\">\u2022 <\/span>Promocionarte nuestros productos, o servicios o de nuestras filiales y partes relacionadas.<\/p>\n<p class=\"p1\"><span class=\"s1\">\u2022 <\/span>Realizar campa\u00f1as publicitarias.<\/p>\n<p class=\"p1\"><span class=\"s1\">\u2022 <\/span>Mercadotecnia o publicidad.<\/p>\n<p class=\"p1\"><span class=\"s1\">\u2022 <\/span>Prospecci\u00f3n comercial.<\/p>\n<p class=\"p1\">Si recabamos tus datos de manera personal, y no deseas que tus datos sean tratados con fines secundarios, ind\u00edcalo a continuaci\u00f3n:<\/p>\n<p class=\"p1\">[ ] No consiento que mis datos personales se utilicen para las finalidades secundarias antes referidas.<\/p>\n<p class=\"p1\">O bien, env\u00edanos un correo electr\u00f3nico manifestando expresamente tu negativa para que tus datos sean tratados para los fines secundarios indicados en el presente aviso de privacidad a protecciondedatos@interesse.com.mx<\/p>\n<p class=\"p1\">La negativa para el uso de tus datos personales para estas finalidades no podr\u00e1 ser un motivo para que te neguemos los servicios y productos que solicitas o contratas con nosotros.<\/p>\n<p class=\"p1\">Si este aviso de privacidad no se te da a conocer de manera directa o personal, tienes un plazo de cinco d\u00edas para oponerte al tratamiento y transferencia de tus datos, para los fines secundarios indicados, utilizando los mismos medios mencionados anteriormente.<\/p>\n<p>\u00a0<\/p>\n<p class=\"p1\"><strong>3. TIPOS DE DATOS<\/strong><\/p>\n<p class=\"p1\">Para llevar a cabo las finalidades primarias y secundarias descritas en el presente aviso de privacidad, utilizaremos los siguientes datos personales:<\/p>\n<p class=\"p1\"><span class=\"s1\">\u2022 <\/span>Datos de identificaci\u00f3n y contacto.<\/p>\n<p class=\"p1\"><span class=\"s1\">\u2022 <\/span>Datos laborales.<\/p>\n<p class=\"p1\"><span class=\"s1\">\u2022 <\/span>Datos acad\u00e9micos.<\/p>\n<p class=\"p1\">Adem\u00e1s de los datos personales mencionados anteriormente, \u00fanicamente para las finalidades primarias informadas en el presente aviso de privacidad, utilizaremos tus datos patrimoniales y\/o financieros que requieren de tu consentimiento expreso.<\/p>\n<p class=\"p1\">As\u00ed mismo, \u00fanicamente para las finalidades primarias informadas en el presente aviso de privacidad, utilizaremos los siguientes datos personales considerados como sensibles, que requieren de especial protecci\u00f3n y de tu consentimiento expreso:<\/p>\n<p class=\"p1\"><span class=\"s1\">\u2022 <\/span>Datos de salud;<\/p>\n<p class=\"p1\"><span class=\"s1\">\u2022 <\/span>Datos de caracter\u00edsticas f\u00edsicas;<\/p>\n<p>\u00a0<\/p>\n<p class=\"p1\"><strong>4. OPCIONES Y MEDIOS PARA LIMITAR EL USO O DIVULGACION DE TUS DATOS PERSONALES.<\/strong><\/p>\n<p class=\"p1\">Con objeto de que puedas limitar el uso y divulgaci\u00f3n de tu informaci\u00f3n personal, te ofrecemos m\u00e1s informaci\u00f3n, para lo cual te agradeceremos nos env\u00edes correo electr\u00f3nico a: protecciondedatos@interesse.com.mx<\/p>\n<p class=\"p1\">En caso de que no desees de recibir mensajes promocionales de nuestra parte, tambi\u00e9n puedes enviarnos tu solicitud a: protecciondedatos@interesse.com.mx<\/p>\n<p>\u00a0<\/p>\n<p class=\"p1\"><strong>5. TRANSFERENCIA<\/strong><\/p>\n<p class=\"p1\">La informaci\u00f3n personal del Titular no podr\u00e1 ser objeto de enajenaci\u00f3n a terceras personas. Sin embargo, se autoriza a compartirla en los siguientes casos:<\/p>\n<p class=\"p1\">a) Cuando dicha transferencia de informaci\u00f3n se efectu\u00e9 con terceros para dar cumplimiento a los servicios o gestiones u obligaciones pactadas con el Titular.<\/p>\n<p class=\"p1\">b) En los casos que lo exija la Ley, o la procuraci\u00f3n o administraci\u00f3n de justicia.<\/p>\n<p class=\"p1\">c) Cuando el titular de dicha informaci\u00f3n otorgue su consentimiento de manera expresa.<\/p>\n<p class=\"p1\">Tus datos personales tambi\u00e9n pueden ser transferidos a terceros nacionales o internacionales como dependencias, entidades o instancias gubernamentales para fines de Ley o por requerimiento de autoridad.<\/p>\n<p class=\"p1\">Tambi\u00e9n tus datos personales pueden ser compartidos dentro del pa\u00eds con organizaciones del sector asegurador, particularmente con Instituciones de Seguros o de Fianzas para fines de prestaci\u00f3n de servicios y prevenci\u00f3n de fraudes, selecci\u00f3n de riesgos y contrataci\u00f3n, por parte de las sociedades agentes de seguros y de fianzas; y a nuestras subsidiarias, filiales y partes relacionadas para fines de mercadotecnia, publicidad o prospecci\u00f3n comercial.<\/p>\n<p class=\"p1\"><strong>6. DERECHOS ARCO<\/strong><\/p>\n<p class=\"p1\">Tienes derecho a conocer qu\u00e9 datos personales tenemos, para qu\u00e9 los utilizamos y las condiciones del uso que les damos (Acceso). Asimismo, a solicitar la correcci\u00f3n de tu informaci\u00f3n personal en caso de que est\u00e9 desactualizada, sea inexacta o incompleta (Rectificaci\u00f3n); que la eliminemos de nuestros registros o bases de datos cuando consideres que la misma no est\u00e1 siendo utilizada adecuadamente (Cancelaci\u00f3n); as\u00ed como oponerte al uso de tus datos personales para fines espec\u00edficos (Oposici\u00f3n). Estos derechos se conocen como derechos ARCO.<\/p>\n<p class=\"p1\"><strong>7. MECANISMOS PARA EL EJERCICIO DE DERECHOS ARCO Y REVOCACI\u00d3N DE CONSENTIMIENTO<\/strong><\/p>\n<p class=\"p1\">Los mecanismos que se han implementado para el ejercicio de dichos derechos en los t\u00e9rminos que marca la Ley, requieren que dirijas tu solicitud a nuestro Departamento de Protecci\u00f3n de Datos Personales, ubicado en la direcci\u00f3n arriba citada, en nuestros centros de servicios que puedes ubicar en este sitio de internet interesse.com.mx, o bien, enviando un correo electr\u00f3nico a: protecciondedatos@interesse.com.mx siguiendo este procedimiento:<\/p>\n<p class=\"p1\">a) Ingresar tu solicitud por escrito en el domicilio indicado o enviarla por correo<\/p>\n<p class=\"p1\">electr\u00f3nico. Dicha solicitud debe contener y acompa\u00f1arse de lo siguiente:<\/p>\n<p class=\"p1\">I.- Tu nombre completo como titular de los datos y tu domicilio, correo electr\u00f3nico u otro medio para comunicarte la respuesta a tu solicitud.<\/p>\n<p class=\"p1\">II.- Documentos que acrediten tu identidad y en su caso, documento con el que se acredite la personalidad e identidad de tu representante legal.<\/p>\n<p class=\"p1\">III.- Descripci\u00f3n clara y precisa de la informaci\u00f3n respecto de la cual se solicite el acceso, rectificaci\u00f3n, oposici\u00f3n o cancelaci\u00f3n, seg\u00fan sea el caso. Trat\u00e1ndose de solicitudes de rectificaci\u00f3n, acompa\u00f1ar la documentaci\u00f3n que sustente dicha petici\u00f3n y las modificaciones a realizarse.<\/p>\n<p class=\"p1\">IV.- Cualquier otro elemento o documento que facilite la localizaci\u00f3n de tus datos personales.<\/p>\n<p class=\"p1\">b) INTERESSE te dar\u00e1 respuesta en un plazo m\u00e1ximo de 20 d\u00edas h\u00e1biles contados desde la fecha en que se recibi\u00f3 la solicitud y de resultar procedente conforme a la Ley aplicable, se har\u00e1 efectiva dentro de los 15 d\u00edas h\u00e1biles siguientes a la fecha en que se te comunique la respuesta.<\/p>\n<p class=\"p1\">c) En caso de que la documentaci\u00f3n proporcionada sea incorrecta, insuficiente o no se acredite la identidad del titular o de tu representante legal, se te podr\u00e1 requerir en un plazo no mayor a 5 d\u00edas h\u00e1biles siguientes a la fecha de recepci\u00f3n de tu solicitud para que aportes los documentos y\/o informaci\u00f3n necesarios para el tr\u00e1mite de tu solicitud.<\/p>\n<p class=\"p1\">Hacemos de tu conocimiento que cuentas con un plazo de 10 d\u00edas h\u00e1biles para atender el requerimiento se\u00f1alado en el p\u00e1rrafo anterior, por lo que en caso de que este no sea atendido se tendr\u00e1 por no presentada tu solicitud.<\/p>\n<p class=\"p1\">d) Trat\u00e1ndose de solicitudes de acceso a datos personales proceder\u00e1 la entrega mediante cualquier medio f\u00edsico o electr\u00f3nico, previa acreditaci\u00f3n de la identidad del solicitante o representante legal, seg\u00fan corresponda, con los documentos originales para su cotejo.<\/p>\n<p class=\"p1\">Los plazos antes referidos podr\u00e1n ser ampliados una sola vez, por un periodo igual, siempre y cuando as\u00ed lo justifiquen las circunstancias del caso.<\/p>\n<p class=\"p1\">e) La obligaci\u00f3n de acceso a tu informaci\u00f3n se dar\u00e1 por cumplida cuando se ponga a tu disposici\u00f3n los datos personales o bien mediante la entrega de copias simples, documentos electr\u00f3nicos u otro soporte, la entrega de los datos ser\u00e1 gratuita, debiendo el titular cubrir \u00fanicamente los gastos justificados de env\u00edo o el costo de reproducci\u00f3n de copias u otros formatos.<\/p>\n<p class=\"p1\">INTERESSE podr\u00e1 negarte el acceso a los datos personales, o a realizar la rectificaci\u00f3n o cancelaci\u00f3n o conceder la oposici\u00f3n al tratamiento de los mismos, en los siguientes casos:<\/p>\n<p class=\"p1\">(i) Si eres el solicitante, pero no el titular de los datos personales o tu representante legal no est\u00e9 debidamente acreditado para ello.<\/p>\n<p class=\"p1\">(ii) Cuando en nuestra base de datos no se encuentren tus datos personales.<\/p>\n<p class=\"p1\">(iii) Cuando se lesionen los derechos de un tercero;<\/p>\n<p class=\"p1\">(iv) Cuando exista un impedimento legal o la resoluci\u00f3n de una autoridad competente que restrinja el acceso a tus datos o no permita la rectificaci\u00f3n, cancelaci\u00f3n u oposici\u00f3n de los mismos y;<\/p>\n<p class=\"p1\">(v) Cuando la rectificaci\u00f3n, cancelaci\u00f3n u oposici\u00f3n haya sido previamente realizada.<\/p>\n<p class=\"p1\">En todos los casos anteriores te informaremos el motivo de nuestra decisi\u00f3n y te la comunicaremos, o en su caso, a tu representante legal en los plazos establecidos para tal efecto por el mismo medio por el que se llev\u00f3 a cabo la solicitud, acompa\u00f1ando en su caso, las pruebas que resulten pertinentes.<\/p>\n<p class=\"p1\">Igualmente, mediante el mismo mecanismo o procedimiento, en todo momento t\u00fa podr\u00e1s revocar el consentimiento que nos has otorgado para el tratamiento de tus datos personales, o bien t\u00fa como titular puedes limitar el uso que conforme al presente aviso se d\u00e9 a tu informaci\u00f3n personal u oponerte al tratamiento para fines secundarios.<\/p>\n<p class=\"p1\">Sin embargo, es importante que tengas en cuenta que no en todos los casos podremos atender tu solicitud o concluir el uso de forma inmediata, ya que es posible que por alguna obligaci\u00f3n legal necesitemos seguir tratando tus datos personales. Asimismo, deber\u00e1s considerar que, para ciertos fines, la revocaci\u00f3n de tu consentimiento implicar\u00e1 que no te podamos seguir prestando el servicio que nos solicitaste, o la conclusi\u00f3n de tu relaci\u00f3n con nosotros.<\/p>\n<p class=\"p1\">Si deseas usar el formulario de solicitud que ponemos a tu disposici\u00f3n para facilitar el ejercicio de derechos ARCO, puedes solicitarlo en la siguiente direcci\u00f3n electr\u00f3nica: protecciondedatos@interesse.com.mx<\/p>\n<p class=\"p1\"><strong>8. MODIFICACIONES<\/strong><\/p>\n<p class=\"p1\">El presente aviso de privacidad puede sufrir modificaciones, cambios o actualizaciones derivadas de nuevos requerimientos legales; de nuestras propias necesidades por los productos o servicios que ofrecemos; de nuestras pr\u00e1cticas de privacidad; o por otras causas. Los cambios o actualizaciones a este Aviso de privacidad est\u00e1n disponibles y puedes consultarlos peri\u00f3dicamente, en nuestro sitio de internet interesse.com.mx en el v\u00ednculo de \"aviso de privacidad\". Este aviso se fundamenta, en lo dispuesto en la Ley Federal de Protecci\u00f3n de Datos Personales en Posesi\u00f3n de los Particulares y dem\u00e1s legislaci\u00f3n aplicable.<\/p>\n<p class=\"p1\"><strong>9. COOKIES<\/strong><\/p>\n<p class=\"p1\">La cookie es una breve informaci\u00f3n que el portal de internet env\u00eda a tu computadora, la cual queda almacenada en el disco duro, la pr\u00f3xima vez que ingreses a nuestro portal, podremos usar la informaci\u00f3n almacenada en la cookie para facilitarte el uso de nuestro sitio de internet. Por ejemplo, podemos usar tu cookie para almacenar una contrase\u00f1a para que no tengas que ingresarla de nuevo cada vez que te traslades a una secci\u00f3n diferente de nuestro portal de internet. Una cookie no nos permite conocer tu identidad personal a menos que expresamente elijas proporcion\u00e1rnosla. La mayor\u00eda de las cookies expiran despu\u00e9s de un periodo determinado de tiempo, o bien las puedes borrar en el momento que lo desees siguiendo las instrucciones de tu navegador de internet. Asimismo, puedes hacer que tu navegador te avise cuando recibes una cookie de manera que puedas aceptarlas o rechazarlas siguiendo las instrucciones de tu navegador de internet.<\/p>\n<p class=\"p1\"><strong>10. CONSENTIMIENTO PARA EL TRATAMIENTO DE SUS DATOS PERSONALES.<\/strong><\/p>\n<p class=\"p1\">Se entender\u00e1 que el Titular consiente t\u00e1citamente el tratamiento de su informaci\u00f3n personal en los t\u00e9rminos indicados en el presente Aviso de Privacidad si no manifiesta su oposici\u00f3n al mismo en los t\u00e9rminos indicados con anterioridad.<\/p>\n<p class=\"p1\">Para m\u00e1s informaci\u00f3n puedes acudir a nuestro Departamento de Protecci\u00f3n de Datos en el domicilio arriba indicado, comunicarte al tel\u00e9fono (55)53370730, enviarnos correo electr\u00f3nico a: protecciondedatos@interesse.com.mx o consultar nuestra p\u00e1gina web interesse.com.mx en el v\u00ednculo de \"aviso de privacidad\".<\/p>\n<p class=\"p1\">Para efectos de este aviso de privacidad, los t\u00e9rminos mencionados tienen el significado que se les atribuye conforme a las definiciones siguientes:<\/p>\n<p class=\"p1\"><strong>Datos personales de identificaci\u00f3n y contacto:<\/strong> Nombre completo, direcci\u00f3n, comprobante de domicilio, tel\u00e9fonos, correo electr\u00f3nico, celular, estado civil, nombre del c\u00f3nyuge, concubinario, concubinaria o pareja en convivencia, firma aut\u00f3grafa y electr\u00f3nica, fotograf\u00eda, registro federal de contribuyentes (RFC) clave \u00fanica de registro poblacional (CURP) lugar y fecha de nacimiento, edad, identificaci\u00f3n oficial, nombres de familiares, dependientes econ\u00f3micos y beneficiarios, documentos migratorios.<\/p>\n<p class=\"p1\"><strong>Datos personales laborales:<\/strong> Ocupaci\u00f3n, nombre de la empresa o dependencia, puesto, \u00e1rea o departamento, domicilio, tel\u00e9fono y correo electr\u00f3nico de trabajo, actividades extracurriculares, referencias laborales y referencias personales, antecedentes laborales o trabajos anteriores, curriculum vitae, n\u00famero de seguridad social.<\/p>\n<p class=\"p1\"><strong>Datos personales acad\u00e9micos:<\/strong> Trayectoria educativa, titulo, certificado(s), n\u00famero de c\u00e9dula, grado de estudios, estudios actuales, idiomas.<\/p>\n<p class=\"p1\"><strong>Datos sensibles:<\/strong> Aquellos datos personales que afecten a la esfera m\u00e1s \u00edntima de su titular, o cuya utilizaci\u00f3n indebida pueda dar origen a discriminaci\u00f3n o conlleve un riesgo grave para \u00e9ste: Datos de salud, datos de caracter\u00edsticas f\u00edsicas.<\/p>\n<p class=\"p1\"><strong>Datos de salud:<\/strong> Estado de salud, historial cl\u00ednico, alergias, enfermedades y discapacidades, intervenciones quir\u00fargicas, vacunas, uso de aparatos oftalmol\u00f3gicos, ortop\u00e9dicos o auditivos, informaci\u00f3n relacionada con cuestiones de car\u00e1cter psicol\u00f3gico o psiqui\u00e1trico, nombres de familiares, dependientes econ\u00f3micos y beneficiarios, documentos migratorios.<\/p>\n<p class=\"p1\"><strong>Datos de caracter\u00edsticas f\u00edsicas:<\/strong> Color de piel, iris y cabello, se\u00f1as particulares, estatura, peso, complexi\u00f3n, tipo de sangre, ADN, huella digital.<\/p>\n<p class=\"p1\"><strong>Datos patrimoniales y financieros:<\/strong> Bienes muebles e inmuebles, historial crediticio, ingresos y egresos, cuentas bancarias, seguros, afore, fianzas, informaci\u00f3n fiscal, cualquier tipo de garant\u00eda otorgada y servicios contratados, cuenta de banco, clabe interbancaria, datos de tarjeta bancaria, fechas de vencimiento, ID de cliente, estado de cuenta actualizado con n\u00famero de cuenta y clabe interbancaria.<\/p>\n<p class=\"p1\"><strong>Titular:<\/strong> La persona f\u00edsica a quien corresponden los datos personales.<\/p>\n<p class=\"p1\"><strong>Tratamiento:<\/strong> La obtenci\u00f3n uso, divulgaci\u00f3n o almacenamiento de datos personales por cualquier medio. El uso abarca cualquier acci\u00f3n de acceso, manejo, aprovechamiento, transferencia o disposici\u00f3n de datos personales.<\/p>\n<p class=\"p1\"><strong>Responsable:<\/strong> INTERESSE, es quien decide sobre el tratamiento de los datos personales.<\/p>\n<p class=\"p1\"><strong>Transferencia:<\/strong> Toda comunicaci\u00f3n de datos realizada a persona distinta de INTERESSE o encargado del tratamiento.<\/p>\n<p class=\"p1\"><strong>\u00daltima actualizaci\u00f3n:<\/strong> 27 de octubre de 2025<\/p>\n<p>\u00a0<\/p>\n<p>\u00a0<\/p>\n<\/div><\/div><\/div><\/div><\/div>\n","protected":false},"excerpt":{"rendered":"","protected":false},"author":1,"featured_media":0,"parent":0,"menu_order":0,"comment_status":"closed","ping_status":"open","template":"","meta":{"footnotes":""},"class_list":["post-3","page","type-page","status-publish","hentry"],"_links":{"self":[{"href":"https:\/\/www.interesse.com.mx\/index.php\/wp-json\/wp\/v2\/pages\/3","targetHints":{"allow":["GET"]}}],"collection":[{"href":"https:\/\/www.interesse.com.mx\/index.php\/wp-json\/wp\/v2\/pages"}],"about":[{"href":"https:\/\/www.interesse.com.mx\/index.php\/wp-json\/wp\/v2\/types\/page"}],"author":[{"embeddable":true,"href":"https:\/\/www.interesse.com.mx\/index.php\/wp-json\/wp\/v2\/users\/1"}],"replies":[{"embeddable":true,"href":"https:\/\/www.interesse.com.mx\/index.php\/wp-json\/wp\/v2\/comments?post=3"}],"version-history":[{"count":3,"href":"https:\/\/www.interesse.com.mx\/index.php\/wp-json\/wp\/v2\/pages\/3\/revisions"}],"predecessor-version":[{"id":4058,"href":"https:\/\/www.interesse.com.mx\/index.php\/wp-json\/wp\/v2\/pages\/3\/revisions\/4058"}],"wp:attachment":[{"href":"https:\/\/www.interesse.com.mx\/index.php\/wp-json\/wp\/v2\/media?parent=3"}],"curies":[{"name":"wp","href":"https:\/\/api.w.org\/{rel}","templated":true}]}}